{"id":15374,"date":"2022-12-13T17:11:30","date_gmt":"2022-12-13T17:11:30","guid":{"rendered":"http:\/\/durgam.com.tr\/?post_type=product&#038;p=15374"},"modified":"2025-06-05T17:38:35","modified_gmt":"2025-06-05T17:38:35","slug":"kuzumun-kokusu-canim-kizim","status":"publish","type":"product","link":"https:\/\/durgam.com.tr\/index.php\/product\/kuzumun-kokusu-canim-kizim\/","title":{"rendered":"Kuzumun Kokusu Can\u0131m K\u0131z\u0131m"},"content":{"rendered":"","protected":false},"excerpt":{"rendered":"","protected":false},"featured_media":15375,"comment_status":"open","ping_status":"closed","template":"","meta":[],"product_cat":[99],"product_tag":[],"class_list":{"0":"post-15374","1":"product","2":"type-product","3":"status-publish","4":"has-post-thumbnail","6":"product_cat-bingo","8":"first","9":"instock","10":"shipping-taxable","11":"product-type-simple"},"_links":{"self":[{"href":"https:\/\/durgam.com.tr\/index.php\/wp-json\/wp\/v2\/product\/15374","targetHints":{"allow":["GET"]}}],"collection":[{"href":"https:\/\/durgam.com.tr\/index.php\/wp-json\/wp\/v2\/product"}],"about":[{"href":"https:\/\/durgam.com.tr\/index.php\/wp-json\/wp\/v2\/types\/product"}],"replies":[{"embeddable":true,"href":"https:\/\/durgam.com.tr\/index.php\/wp-json\/wp\/v2\/comments?post=15374"}],"wp:featuredmedia":[{"embeddable":true,"href":"https:\/\/durgam.com.tr\/index.php\/wp-json\/wp\/v2\/media\/15375"}],"wp:attachment":[{"href":"https:\/\/durgam.com.tr\/index.php\/wp-json\/wp\/v2\/media?parent=15374"}],"wp:term":[{"taxonomy":"product_cat","embeddable":true,"href":"https:\/\/durgam.com.tr\/index.php\/wp-json\/wp\/v2\/product_cat?post=15374"},{"taxonomy":"product_tag","embeddable":true,"href":"https:\/\/durgam.com.tr\/index.php\/wp-json\/wp\/v2\/product_tag?post=15374"}],"curies":[{"name":"wp","href":"https:\/\/api.w.org\/{rel}","templated":true}]}}